{"id":1126,"date":"2025-08-01T18:50:36","date_gmt":"2025-08-01T18:50:36","guid":{"rendered":"https:\/\/hisgloryinternational.com\/?page_id=1126"},"modified":"2025-08-04T15:47:46","modified_gmt":"2025-08-04T15:47:46","slug":"nosotros","status":"publish","type":"page","link":"https:\/\/hisgloryinternational.com\/?page_id=1126","title":{"rendered":"Nosotros"},"content":{"rendered":"\t\t<div data-elementor-type=\"wp-page\" data-elementor-id=\"1126\" class=\"elementor elementor-1126\">\n\t\t\t\t\t\t<section class=\"elementor-section elementor-top-section elementor-element elementor-element-388b3a8c elementor-section-boxed elementor-section-height-default elementor-section-height-default\" data-id=\"388b3a8c\" data-element_type=\"section\">\n\t\t\t\t\t\t<div class=\"elementor-container elementor-column-gap-no\">\n\t\t\t\t\t<div class=\"elementor-column elementor-col-100 elementor-top-column elementor-element elementor-element-3f959c4f\" data-id=\"3f959c4f\" data-element_type=\"column\" data-settings=\"{&quot;background_background&quot;:&quot;gradient&quot;}\">\n\t\t\t<div class=\"elementor-widget-wrap elementor-element-populated\">\n\t\t\t\t\t\t<div class=\"elementor-element elementor-element-46b687b2 elementor-widget elementor-widget-heading\" data-id=\"46b687b2\" data-element_type=\"widget\" data-widget_type=\"heading.default\">\n\t\t\t\t\t<h1 class=\"elementor-heading-title elementor-size-default\">Nosotros<\/h1>\t\t\t\t<\/div>\n\t\t\t\t\t<\/div>\n\t\t<\/div>\n\t\t\t\t\t<\/div>\n\t\t<\/section>\n\t\t\t\t<section class=\"elementor-section elementor-top-section elementor-element elementor-element-330b76de elementor-section-content-middle elementor-section-boxed elementor-section-height-default elementor-section-height-default\" data-id=\"330b76de\" data-element_type=\"section\" id=\"info_section\">\n\t\t\t\t\t\t<div class=\"elementor-container elementor-column-gap-no\">\n\t\t\t\t\t<div class=\"elementor-column elementor-col-50 elementor-top-column elementor-element elementor-element-6d176a66\" data-id=\"6d176a66\" data-element_type=\"column\">\n\t\t\t<div class=\"elementor-widget-wrap elementor-element-populated\">\n\t\t\t\t\t\t<div class=\"elementor-element elementor-element-54c604fa elementor-widget elementor-widget-image\" data-id=\"54c604fa\" data-element_type=\"widget\" data-widget_type=\"image.default\">\n\t\t\t\t\t\t\t\t\t\t\t\t\t\t\t<img fetchpriority=\"high\" decoding=\"async\" width=\"800\" height=\"534\" src=\"https:\/\/hisgloryinternational.com\/wp-content\/uploads\/2025\/08\/home-1024x683.jpeg\" class=\"attachment-large size-large wp-image-1196\" alt=\"\" srcset=\"https:\/\/hisgloryinternational.com\/wp-content\/uploads\/2025\/08\/home-1024x683.jpeg 1024w, https:\/\/hisgloryinternational.com\/wp-content\/uploads\/2025\/08\/home-300x200.jpeg 300w, https:\/\/hisgloryinternational.com\/wp-content\/uploads\/2025\/08\/home-768x512.jpeg 768w, https:\/\/hisgloryinternational.com\/wp-content\/uploads\/2025\/08\/home.jpeg 1440w\" sizes=\"(max-width: 800px) 100vw, 800px\" \/>\t\t\t\t\t\t\t\t\t\t\t\t\t\t\t<\/div>\n\t\t\t\t\t<\/div>\n\t\t<\/div>\n\t\t\t\t<div class=\"elementor-column elementor-col-50 elementor-top-column elementor-element elementor-element-311a0aca\" data-id=\"311a0aca\" data-element_type=\"column\">\n\t\t\t<div class=\"elementor-widget-wrap elementor-element-populated\">\n\t\t\t\t\t\t<div class=\"elementor-element elementor-element-60ed562a elementor-widget elementor-widget-heading\" data-id=\"60ed562a\" data-element_type=\"widget\" data-widget_type=\"heading.default\">\n\t\t\t\t\t<h2 class=\"elementor-heading-title elementor-size-default\">His Glory\u00a0<br> International<\/h2>\t\t\t\t<\/div>\n\t\t\t\t<div class=\"elementor-element elementor-element-8255b10 elementor-widget elementor-widget-text-editor\" data-id=\"8255b10\" data-element_type=\"widget\" data-widget_type=\"text-editor.default\">\n\t\t\t\t\t\t\t\t\t<p style=\"text-align: center;\">His Glory International Ministry nace en agosto del a\u00f1o 2012 en la ciudad de Bogot\u00e1 Colombia, bajo la visi\u00f3n apost\u00f3lica de nuestro Se\u00f1or Jesucristo: ir a las naciones a ense\u00f1ar y predicar lo que realmente \u00c9l ense\u00f1\u00f3, el evangelio del reino (libertad, paz, crecimiento y prosperidad integral). Somos una comunidad que busca incluir a toda la familia, promoviendo e inculcando los valores cristianos m\u00e1s importantes en toda la biblia para la sociedad actual. Creemos en lo sobrenatural escrito y hecho por Dios en toda la biblia mediante su Esp\u00edritu Santo. Deseamos con todo el coraz\u00f3n que, por medio de su gloria, la humanidad conozca a Jes\u00fas y encuentre su salvaci\u00f3n.<\/p><p>Pastores: Sandro y Lina Torregrosa<\/p>\t\t\t\t\t\t\t\t<\/div>\n\t\t\t\t\t<\/div>\n\t\t<\/div>\n\t\t\t\t\t<\/div>\n\t\t<\/section>\n\t\t<div class=\"elementor-element elementor-element-42723e4b e-flex e-con-boxed e-con e-parent\" data-id=\"42723e4b\" data-element_type=\"container\">\n\t\t\t\t\t<div class=\"e-con-inner\">\n\t\t\t\t<div class=\"elementor-element elementor-element-37b1db37 elementor-widget elementor-widget-heading\" data-id=\"37b1db37\" data-element_type=\"widget\" data-widget_type=\"heading.default\">\n\t\t\t\t\t<h2 class=\"elementor-heading-title elementor-size-default\">Por qu\u00e9 His Glory\u00a0International<\/h2>\t\t\t\t<\/div>\n\t\t\t\t<div class=\"elementor-element elementor-element-2966c684 elementor-widget elementor-widget-text-editor\" data-id=\"2966c684\" data-element_type=\"widget\" data-widget_type=\"text-editor.default\">\n\t\t\t\t\t\t\t\t\t<p style=\"text-align: center;\"><span style=\"text-align: var(--text-align);\">En el a\u00f1o 2020 Dios nos habl\u00f3 durante la pandemia, acerca de movernos a abrir una nueva obra en los Estados Unidos. Movidos a obedecerlo iniciamos el proceso de creerle; y luego de tres a\u00f1os y unos meses de meditar, orar y estudiar en su presencia, Dios nos da el privilegio de empezar la iglesia en los Estados Unidos. Nuestro deseo es obedecerlo y servir con todo nuestro ministerio a esta naci\u00f3n.<\/span><\/p>\t\t\t\t\t\t\t\t<\/div>\n\t\t\t\t\t<\/div>\n\t\t\t\t<\/div>\n\t\t\t\t<\/div>\n\t\t","protected":false},"excerpt":{"rendered":"<p>Nosotros His Glory\u00a0 International His Glory International Ministry nace en agosto del a\u00f1o 2012 en la ciudad de Bogot\u00e1 Colombia, bajo la visi\u00f3n apost\u00f3lica de nuestro Se\u00f1or Jesucristo: ir a las naciones a ense\u00f1ar y predicar lo que realmente \u00c9l ense\u00f1\u00f3, el evangelio del reino (libertad, paz, crecimiento y prosperidad integral). Somos una comunidad que [&hellip;]<\/p>\n","protected":false},"author":1,"featured_media":0,"parent":0,"menu_order":0,"comment_status":"closed","ping_status":"closed","template":"elementor_header_footer","meta":{"footnotes":""},"class_list":["post-1126","page","type-page","status-publish","hentry"],"_links":{"self":[{"href":"https:\/\/hisgloryinternational.com\/index.php?rest_route=\/wp\/v2\/pages\/1126","targetHints":{"allow":["GET"]}}],"collection":[{"href":"https:\/\/hisgloryinternational.com\/index.php?rest_route=\/wp\/v2\/pages"}],"about":[{"href":"https:\/\/hisgloryinternational.com\/index.php?rest_route=\/wp\/v2\/types\/page"}],"author":[{"embeddable":true,"href":"https:\/\/hisgloryinternational.com\/index.php?rest_route=\/wp\/v2\/users\/1"}],"replies":[{"embeddable":true,"href":"https:\/\/hisgloryinternational.com\/index.php?rest_route=%2Fwp%2Fv2%2Fcomments&post=1126"}],"version-history":[{"count":5,"href":"https:\/\/hisgloryinternational.com\/index.php?rest_route=\/wp\/v2\/pages\/1126\/revisions"}],"predecessor-version":[{"id":1204,"href":"https:\/\/hisgloryinternational.com\/index.php?rest_route=\/wp\/v2\/pages\/1126\/revisions\/1204"}],"wp:attachment":[{"href":"https:\/\/hisgloryinternational.com\/index.php?rest_route=%2Fwp%2Fv2%2Fmedia&parent=1126"}],"curies":[{"name":"wp","href":"https:\/\/api.w.org\/{rel}","templated":true}]}}